{"id":181,"date":"2020-10-01T10:22:54","date_gmt":"2020-10-01T10:22:54","guid":{"rendered":"https:\/\/manto-corfu.com\/\/?page_id=181"},"modified":"2023-12-08T17:12:02","modified_gmt":"2023-12-08T16:12:02","slug":"datenschutzerklaerung","status":"publish","type":"page","link":"https:\/\/manto-corfu.com\/de\/datenschutzerklaerung","title":{"rendered":"Datenschutzerkl\u00e4rung"},"content":{"rendered":"\n<p><strong>Datenschutzerkl\u00e4rung<\/strong><\/p>\n\n\n\n<ol class=\"wp-block-list\">\n<li>Datenschutz auf einen Blick<\/li>\n<\/ol>\n\n\n\n<p style=\"font-size:14px\">Allgemeine Hinweise<\/p>\n\n\n\n<p style=\"font-size:14px\">Die folgenden Hinweise geben einen \u00dcberblick dar\u00fcber, was mit Ihren personenbezogenen Daten passiert, wenn Sie unsere Website besuchen. Personenbezogene Daten sind alle Daten, mit denen Sie pers\u00f6nlich identifiziert werden k\u00f6nnen. Ausf\u00fchrliche Informationen zum Thema Datenschutz entnehmen Sie unserer unter diesem Text aufgef\u00fchrten Datenschutzerkl\u00e4rung.<\/p>\n\n\n\n<p class=\"has-normal-font-size\">2. Allgemeine Hinweise und Pflichtinformationen<\/p>\n\n\n\n<p style=\"font-size:14px\">Datenschutz<\/p>\n\n\n\n<p style=\"font-size:14px\">Die Betreiber dieser Seiten nehmen den Schutz Ihrer pers\u00f6nlichen Daten sehr ernst. Wir behandeln Ihre personenbezogenen Daten vertraulich und entsprechend der gesetzlichen Datenschutzvorschriften sowie dieser Datenschutzerkl\u00e4rung.<\/p>\n\n\n\n<p style=\"font-size:14px\">Wenn Sie diese Website benutzen, werden verschiedene personenbezogene Daten erhoben. Personenbezogene Daten sind Daten, mit denen Sie pers\u00f6nlich identifiziert werden k\u00f6nnen. Die vorliegende Datenschutzerkl\u00e4rung erl\u00e4utert, welche Daten wir erheben und wof\u00fcr wir sie nutzen. Sie erl\u00e4utert auch, wie und zu welchem Zweck das geschieht.<\/p>\n\n\n\n<p style=\"font-size:14px\">Wir weisen darauf hin, dass die Daten\u00fcbertragung im Internet (z.B. bei der Kommunikation per E-Mail) Sicherheitsl\u00fccken aufweisen kann. Ein l\u00fcckenloser Schutz der Daten vor dem Zugriff durch Dritte ist nicht m\u00f6glich.<\/p>\n\n\n\n<p><\/p>\n\n\n\n<p style=\"font-size:14px\">Die verantwortliche Stelle f\u00fcr die Datenverarbeitung auf dieser Website ist:<\/p>\n\n\n\n<p><strong>Manto Retreat in Nature<\/strong><\/p>\n\n\n\n<p>49083 Pagoi<br>Corfu \u2013 Greece<br>AFIMI: 165785532<br>AMA\/Registernumber: 00001440832\/3<\/p>\n\n\n\n<p><\/p>\n\n\n\n<p><\/p>\n\n\n\n<p style=\"font-size:14px\">Widerruf Ihrer Einwilligung zur Datenverarbeitung<\/p>\n\n\n\n<p style=\"font-size:14px\">Viele Datenverarbeitungsvorg\u00e4nge sind nur mit Ihrer ausdr\u00fccklichen Einwilligung m\u00f6glich. Sie k\u00f6nnen eine bereits erteilte Einwilligung jederzeit widerrufen. Dazu reicht eine formlose Mitteilung per E-Mail an uns. Die Rechtm\u00e4\u00dfigkeit der bis zum Widerruf erfolgten Datenverarbeitung bleibt vom Widerruf unber\u00fchrt.<\/p>\n\n\n\n<p style=\"font-size:14px\">SSL- bzw. TLS-Verschl\u00fcsselung<\/p>\n\n\n\n<p style=\"font-size:14px\">Diese Seite nutzt aus Sicherheitsgr\u00fcnden und zum Schutz der \u00dcbertragung vertraulicher Inhalte, wie zum Beispiel Bestellungen oder Anfragen, die Sie an uns als Seitenbetreiber senden, eine SSL-bzw. TLS-Verschl\u00fcsselung. Eine verschl\u00fcsselte Verbindung erkennen Sie daran, dass die Adresszeile des Browsers von \u201chttp:\/\/\u201d auf \u201chttps:\/\/\u201d wechselt und an dem Schloss-Symbol in Ihrer Browserzeile.<\/p>\n\n\n\n<p style=\"font-size:14px\">Wenn die SSL- bzw. TLS-Verschl\u00fcsselung aktiviert ist, k\u00f6nnen die Daten, die Sie an uns \u00fcbermitteln, nicht von Dritten mitgelesen werden.<\/p>\n\n\n\n<p style=\"font-size:14px\">Auskunft, Sperrung, L\u00f6schung<\/p>\n\n\n\n<p style=\"font-size:14px\">Sie haben im Rahmen der geltenden gesetzlichen Bestimmungen jederzeit das Recht auf unentgeltliche Auskunft \u00fcber Ihre gespeicherten personenbezogenen Daten, deren Herkunft und Empf\u00e4nger und den Zweck der Datenverarbeitung und ggf. ein Recht auf Berichtigung, Sperrung oder L\u00f6schung dieser Daten. Hierzu sowie zu weiteren Fragen zum Thema personenbezogene Daten k\u00f6nnen Sie sich jederzeit unter der im Impressum angegebenen Adresse an uns wenden.<\/p>\n\n\n\n<ol class=\"wp-block-list\" start=\"3\">\n<li>Datenerfassung auf unserer Website<\/li>\n<\/ol>\n\n\n\n<p>Cookies<\/p>\n\n\n\n<p style=\"font-size:14px\">Die Internetseiten verwenden teilweise so genannte Cookies. Cookies richten auf Ihrem Rechner keinen Schaden an und enthalten keine Viren. Cookies dienen dazu, unser Angebot nutzerfreundlicher, effektiver und sicherer zu machen. Cookies sind kleine Textdateien, die auf Ihrem Rechner abgelegt werden und die Ihr Browser speichert.<\/p>\n\n\n\n<p style=\"font-size:14px\">Die meisten der von uns verwendeten Cookies sind so genannte \u201cSession-Cookies\u201d. Sie werden nach Ende Ihres Besuchs automatisch gel\u00f6scht. Andere Cookies bleiben auf Ihrem Endger\u00e4t gespeichert bis Sie diese l\u00f6schen. Diese Cookies erm\u00f6glichen es uns, Ihren Browser beim n\u00e4chsten Besuch wiederzuerkennen.<\/p>\n\n\n\n<p style=\"font-size:14px\">Sie k\u00f6nnen Ihren Browser so einstellen, dass Sie \u00fcber das Setzen von Cookies informiert werden und Cookies nur im Einzelfall erlauben, die Annahme von Cookies f\u00fcr bestimmte F\u00e4lle oder generell ausschlie\u00dfen sowie das automatische L\u00f6schen der Cookies beim Schlie\u00dfen des Browser aktivieren. Bei der Deaktivierung von Cookies kann die Funktionalit\u00e4t dieser Website eingeschr\u00e4nkt sein.<\/p>\n\n\n\n<p style=\"font-size:14px\">Cookies, die zur Durchf\u00fchrung des elektronischen Kommunikationsvorgangs oder zur Bereitstellung bestimmter, von Ihnen erw\u00fcnschter Funktionen (z.B. Warenkorbfunktion) erforderlich sind, werden auf Grundlage von Art. 6 Abs. 1 lit. f DSGVO gespeichert. Der Websitebetreiber hat ein berechtigtes Interesse an der Speicherung von Cookies zur technisch fehlerfreien und optimierten Bereitstellung seiner Dienste. Soweit andere Cookies (z.B. Cookies zur Analyse Ihres Surfverhaltens) gespeichert werden, werden diese in dieser Datenschutzerkl\u00e4rung gesondert behandelt.<\/p>\n","protected":false},"excerpt":{"rendered":"<p>Datenschutzerkl\u00e4rung Allgemeine Hinweise Die folgenden Hinweise geben einen \u00dcberblick dar\u00fcber, was mit Ihren personenbezogenen Daten passiert, wenn Sie unsere Website besuchen. Personenbezogene Daten sind alle Daten, mit denen Sie pers\u00f6nlich identifiziert werden k\u00f6nnen. Ausf\u00fchrliche&#46;&#46;&#46;<\/p>\n","protected":false},"author":2,"featured_media":0,"parent":0,"menu_order":0,"comment_status":"closed","ping_status":"closed","template":"","meta":{"footnotes":""},"class_list":["post-181","page","type-page","status-publish","hentry"],"yoast_head":"<!-- This site is optimized with the Yoast SEO plugin v26.8 - https:\/\/yoast.com\/product\/yoast-seo-wordpress\/ -->\n<title>Datenschutzerkl\u00e4rung - Manto Retreat | Mehr erfahren<\/title>\n<meta name=\"description\" content=\"Hier finden Sie unsere Datenschutzerkl\u00e4rung. Bei Fragen stehen wir Ihnen gerne zur Verf\u00fcgung. Jetzt informieren!\" \/>\n<meta name=\"robots\" content=\"index, follow, max-snippet:-1, max-image-preview:large, max-video-preview:-1\" \/>\n<link rel=\"canonical\" href=\"https:\/\/manto-corfu.com\/de\/datenschutzerklaerung\" \/>\n<meta property=\"og:locale\" content=\"de_DE\" \/>\n<meta property=\"og:type\" content=\"article\" \/>\n<meta property=\"og:title\" content=\"Datenschutzerkl\u00e4rung - Manto Retreat | Mehr erfahren\" \/>\n<meta property=\"og:description\" content=\"Hier finden Sie unsere Datenschutzerkl\u00e4rung. Bei Fragen stehen wir Ihnen gerne zur Verf\u00fcgung. Jetzt informieren!\" \/>\n<meta property=\"og:url\" content=\"https:\/\/manto-corfu.com\/de\/datenschutzerklaerung\" \/>\n<meta property=\"og:site_name\" content=\"Manto Retreat\" \/>\n<meta property=\"article:modified_time\" content=\"2023-12-08T16:12:02+00:00\" \/>\n<meta name=\"twitter:card\" content=\"summary_large_image\" \/>\n<meta name=\"twitter:label1\" content=\"Gesch\u00e4tzte Lesezeit\" \/>\n\t<meta name=\"twitter:data1\" content=\"3\u00a0Minuten\" \/>\n<script type=\"application\/ld+json\" class=\"yoast-schema-graph\">{\"@context\":\"https:\/\/schema.org\",\"@graph\":[{\"@type\":\"WebPage\",\"@id\":\"https:\/\/manto-corfu.com\/de\/datenschutzerklaerung\",\"url\":\"https:\/\/manto-corfu.com\/de\/datenschutzerklaerung\",\"name\":\"Datenschutzerkl\u00e4rung - Manto Retreat | Mehr erfahren\",\"isPartOf\":{\"@id\":\"https:\/\/manto-corfu.com\/de#website\"},\"datePublished\":\"2020-10-01T10:22:54+00:00\",\"dateModified\":\"2023-12-08T16:12:02+00:00\",\"description\":\"Hier finden Sie unsere Datenschutzerkl\u00e4rung. Bei Fragen stehen wir Ihnen gerne zur Verf\u00fcgung. Jetzt informieren!\",\"breadcrumb\":{\"@id\":\"https:\/\/manto-corfu.com\/de\/datenschutzerklaerung#breadcrumb\"},\"inLanguage\":\"de\",\"potentialAction\":[{\"@type\":\"ReadAction\",\"target\":[\"https:\/\/manto-corfu.com\/de\/datenschutzerklaerung\"]}]},{\"@type\":\"BreadcrumbList\",\"@id\":\"https:\/\/manto-corfu.com\/de\/datenschutzerklaerung#breadcrumb\",\"itemListElement\":[{\"@type\":\"ListItem\",\"position\":1,\"name\":\"Startseite\",\"item\":\"https:\/\/manto-corfu.com\/de\"},{\"@type\":\"ListItem\",\"position\":2,\"name\":\"Datenschutzerkl\u00e4rung\"}]},{\"@type\":\"WebSite\",\"@id\":\"https:\/\/manto-corfu.com\/de#website\",\"url\":\"https:\/\/manto-corfu.com\/de\",\"name\":\"Manto Retreat\",\"description\":\"Yoga Retreat and Groups - Time to be - Time to Relax- Time to be together- Time to be in Nature\",\"publisher\":{\"@id\":\"https:\/\/manto-corfu.com\/de#organization\"},\"potentialAction\":[{\"@type\":\"SearchAction\",\"target\":{\"@type\":\"EntryPoint\",\"urlTemplate\":\"https:\/\/manto-corfu.com\/de?s={search_term_string}\"},\"query-input\":{\"@type\":\"PropertyValueSpecification\",\"valueRequired\":true,\"valueName\":\"search_term_string\"}}],\"inLanguage\":\"de\"},{\"@type\":\"Organization\",\"@id\":\"https:\/\/manto-corfu.com\/de#organization\",\"name\":\"Manto Retreat\",\"url\":\"https:\/\/manto-corfu.com\/de\",\"logo\":{\"@type\":\"ImageObject\",\"inLanguage\":\"de\",\"@id\":\"https:\/\/manto-corfu.com\/de#\/schema\/logo\/image\/\",\"url\":\"https:\/\/manto-corfu.com\/wp-content\/uploads\/2020\/09\/cropped-cropped-Manto_logo_kl1.png\",\"contentUrl\":\"https:\/\/manto-corfu.com\/wp-content\/uploads\/2020\/09\/cropped-cropped-Manto_logo_kl1.png\",\"width\":200,\"height\":80,\"caption\":\"Manto Retreat\"},\"image\":{\"@id\":\"https:\/\/manto-corfu.com\/de#\/schema\/logo\/image\/\"}}]}<\/script>\n<!-- \/ Yoast SEO plugin. -->","yoast_head_json":{"title":"Datenschutzerkl\u00e4rung - Manto Retreat | Mehr erfahren","description":"Hier finden Sie unsere Datenschutzerkl\u00e4rung. Bei Fragen stehen wir Ihnen gerne zur Verf\u00fcgung. Jetzt informieren!","robots":{"index":"index","follow":"follow","max-snippet":"max-snippet:-1","max-image-preview":"max-image-preview:large","max-video-preview":"max-video-preview:-1"},"canonical":"https:\/\/manto-corfu.com\/de\/datenschutzerklaerung","og_locale":"de_DE","og_type":"article","og_title":"Datenschutzerkl\u00e4rung - Manto Retreat | Mehr erfahren","og_description":"Hier finden Sie unsere Datenschutzerkl\u00e4rung. Bei Fragen stehen wir Ihnen gerne zur Verf\u00fcgung. Jetzt informieren!","og_url":"https:\/\/manto-corfu.com\/de\/datenschutzerklaerung","og_site_name":"Manto Retreat","article_modified_time":"2023-12-08T16:12:02+00:00","twitter_card":"summary_large_image","twitter_misc":{"Gesch\u00e4tzte Lesezeit":"3\u00a0Minuten"},"schema":{"@context":"https:\/\/schema.org","@graph":[{"@type":"WebPage","@id":"https:\/\/manto-corfu.com\/de\/datenschutzerklaerung","url":"https:\/\/manto-corfu.com\/de\/datenschutzerklaerung","name":"Datenschutzerkl\u00e4rung - Manto Retreat | Mehr erfahren","isPartOf":{"@id":"https:\/\/manto-corfu.com\/de#website"},"datePublished":"2020-10-01T10:22:54+00:00","dateModified":"2023-12-08T16:12:02+00:00","description":"Hier finden Sie unsere Datenschutzerkl\u00e4rung. Bei Fragen stehen wir Ihnen gerne zur Verf\u00fcgung. Jetzt informieren!","breadcrumb":{"@id":"https:\/\/manto-corfu.com\/de\/datenschutzerklaerung#breadcrumb"},"inLanguage":"de","potentialAction":[{"@type":"ReadAction","target":["https:\/\/manto-corfu.com\/de\/datenschutzerklaerung"]}]},{"@type":"BreadcrumbList","@id":"https:\/\/manto-corfu.com\/de\/datenschutzerklaerung#breadcrumb","itemListElement":[{"@type":"ListItem","position":1,"name":"Startseite","item":"https:\/\/manto-corfu.com\/de"},{"@type":"ListItem","position":2,"name":"Datenschutzerkl\u00e4rung"}]},{"@type":"WebSite","@id":"https:\/\/manto-corfu.com\/de#website","url":"https:\/\/manto-corfu.com\/de","name":"Manto Retreat","description":"Yoga Retreat and Groups - Time to be - Time to Relax- Time to be together- Time to be in Nature","publisher":{"@id":"https:\/\/manto-corfu.com\/de#organization"},"potentialAction":[{"@type":"SearchAction","target":{"@type":"EntryPoint","urlTemplate":"https:\/\/manto-corfu.com\/de?s={search_term_string}"},"query-input":{"@type":"PropertyValueSpecification","valueRequired":true,"valueName":"search_term_string"}}],"inLanguage":"de"},{"@type":"Organization","@id":"https:\/\/manto-corfu.com\/de#organization","name":"Manto Retreat","url":"https:\/\/manto-corfu.com\/de","logo":{"@type":"ImageObject","inLanguage":"de","@id":"https:\/\/manto-corfu.com\/de#\/schema\/logo\/image\/","url":"https:\/\/manto-corfu.com\/wp-content\/uploads\/2020\/09\/cropped-cropped-Manto_logo_kl1.png","contentUrl":"https:\/\/manto-corfu.com\/wp-content\/uploads\/2020\/09\/cropped-cropped-Manto_logo_kl1.png","width":200,"height":80,"caption":"Manto Retreat"},"image":{"@id":"https:\/\/manto-corfu.com\/de#\/schema\/logo\/image\/"}}]}},"_links":{"self":[{"href":"https:\/\/manto-corfu.com\/de\/wp-json\/wp\/v2\/pages\/181","targetHints":{"allow":["GET"]}}],"collection":[{"href":"https:\/\/manto-corfu.com\/de\/wp-json\/wp\/v2\/pages"}],"about":[{"href":"https:\/\/manto-corfu.com\/de\/wp-json\/wp\/v2\/types\/page"}],"author":[{"embeddable":true,"href":"https:\/\/manto-corfu.com\/de\/wp-json\/wp\/v2\/users\/2"}],"replies":[{"embeddable":true,"href":"https:\/\/manto-corfu.com\/de\/wp-json\/wp\/v2\/comments?post=181"}],"version-history":[{"count":3,"href":"https:\/\/manto-corfu.com\/de\/wp-json\/wp\/v2\/pages\/181\/revisions"}],"predecessor-version":[{"id":4694,"href":"https:\/\/manto-corfu.com\/de\/wp-json\/wp\/v2\/pages\/181\/revisions\/4694"}],"wp:attachment":[{"href":"https:\/\/manto-corfu.com\/de\/wp-json\/wp\/v2\/media?parent=181"}],"curies":[{"name":"wp","href":"https:\/\/api.w.org\/{rel}","templated":true}]}}