{"id":184,"date":"2020-10-01T09:55:25","date_gmt":"2020-10-01T09:55:25","guid":{"rendered":"https:\/\/manto-corfu.com\/\/?page_id=184"},"modified":"2026-05-04T13:53:50","modified_gmt":"2026-05-04T12:53:50","slug":"impressum","status":"publish","type":"page","link":"https:\/\/manto-corfu.com\/de\/impressum","title":{"rendered":"Impressum"},"content":{"rendered":"\n<h3 class=\"wp-block-heading\">Impressum<\/h3>\n\n\n\n<p style=\"font-size:14px\">Inhaltlich verantwortlich gem\u00e4\u00df \u00a7 55 Abs. 2 RStV:<\/p>\n\n\n\n<p style=\"font-size:14px\"><strong>Manto Retreat in Nature<\/strong><\/p>\n\n\n\n<p><\/p>\n\n\n\n<p style=\"font-size:14px\">ab 01.05.2026 unter neuer Leitung: Mirja Br\u00e4utigam +49 17635200400<\/p>\n\n\n\n<p style=\"font-size:14px\">49083 Pagoi<br>Corfu &#8211; Greece<br>AFIMI: 190102250<br>AMA\/Registernumber: wird beantragt<br><br>info(at)manto-corfu.com<br><\/p>\n\n\n\n<hr class=\"wp-block-separator has-css-opacity\"\/>\n\n\n\n<p style=\"font-size:14px\">Haftungshinweis: Trotz sorgf\u00e4ltiger inhaltlicher Kontrolle \u00fcbernehmen wir keine Haftung f\u00fcr die Inhalte externer Links. F\u00fcr den Inhalt der verlinkten Seiten sind ausschlie\u00dflich deren Betreiber verantwortlich.<\/p>\n\n\n\n<hr class=\"wp-block-separator has-css-opacity\"\/>\n\n\n\n<p style=\"font-size:14px\"><strong>Photocredits:<\/strong> <a href=\"http:\/\/Dimitris Rouvas Photography\">Dimitris Rouvas Photography<\/a>, pixabay<\/p>\n\n\n\n<p style=\"font-size:14px\"><strong>Webdesign:<\/strong> Elke Hens und Natalie Zonnekein<br><strong>Texte:<\/strong> Natalie Zonnekein<br><strong>Webmaster:<\/strong> <a href=\"https:\/\/www.panda-webdesign.de\/\">Nico Saringer\/Panda Webdesign<\/a><\/p>\n","protected":false},"excerpt":{"rendered":"<p>Impressum Inhaltlich verantwortlich gem\u00e4\u00df \u00a7 55 Abs. 2 RStV: Manto Retreat in Nature ab 01.05.2026 unter neuer Leitung: Mirja Br\u00e4utigam +49 17635200400 49083 PagoiCorfu &#8211; GreeceAFIMI: 190102250AMA\/Registernumber: wird beantragt info(at)manto-corfu.com Haftungshinweis: Trotz sorgf\u00e4ltiger inhaltlicher&#46;&#46;&#46;<\/p>\n","protected":false},"author":2,"featured_media":0,"parent":0,"menu_order":0,"comment_status":"closed","ping_status":"closed","template":"","meta":{"footnotes":""},"class_list":["post-184","page","type-page","status-publish","hentry"],"yoast_head":"<!-- This site is optimized with the Yoast SEO plugin v26.8 - https:\/\/yoast.com\/product\/yoast-seo-wordpress\/ -->\n<title>Impressum - Manto Retreat<\/title>\n<meta name=\"robots\" content=\"index, follow, max-snippet:-1, max-image-preview:large, max-video-preview:-1\" \/>\n<link rel=\"canonical\" href=\"https:\/\/manto-corfu.com\/de\/impressum\" \/>\n<meta property=\"og:locale\" content=\"de_DE\" \/>\n<meta property=\"og:type\" content=\"article\" \/>\n<meta property=\"og:title\" content=\"Impressum - Manto Retreat\" \/>\n<meta property=\"og:description\" content=\"Impressum Inhaltlich verantwortlich gem\u00e4\u00df \u00a7 55 Abs. 2 RStV: Manto Retreat in Nature ab 01.05.2026 unter neuer Leitung: Mirja Br\u00e4utigam +49 17635200400 49083 PagoiCorfu &#8211; GreeceAFIMI: 190102250AMA\/Registernumber: wird beantragt info(at)manto-corfu.com Haftungshinweis: Trotz sorgf\u00e4ltiger inhaltlicher&#046;&#046;&#046;\" \/>\n<meta property=\"og:url\" content=\"https:\/\/manto-corfu.com\/de\/impressum\" \/>\n<meta property=\"og:site_name\" content=\"Manto Retreat\" \/>\n<meta property=\"article:modified_time\" content=\"2026-05-04T12:53:50+00:00\" \/>\n<meta name=\"twitter:card\" content=\"summary_large_image\" \/>\n<meta name=\"twitter:label1\" content=\"Gesch\u00e4tzte Lesezeit\" \/>\n\t<meta name=\"twitter:data1\" content=\"1\u00a0Minute\" \/>\n<script type=\"application\/ld+json\" class=\"yoast-schema-graph\">{\"@context\":\"https:\/\/schema.org\",\"@graph\":[{\"@type\":\"WebPage\",\"@id\":\"https:\/\/manto-corfu.com\/de\/impressum\",\"url\":\"https:\/\/manto-corfu.com\/de\/impressum\",\"name\":\"Impressum - Manto Retreat\",\"isPartOf\":{\"@id\":\"https:\/\/manto-corfu.com\/de#website\"},\"datePublished\":\"2020-10-01T09:55:25+00:00\",\"dateModified\":\"2026-05-04T12:53:50+00:00\",\"breadcrumb\":{\"@id\":\"https:\/\/manto-corfu.com\/de\/impressum#breadcrumb\"},\"inLanguage\":\"de\",\"potentialAction\":[{\"@type\":\"ReadAction\",\"target\":[\"https:\/\/manto-corfu.com\/de\/impressum\"]}]},{\"@type\":\"BreadcrumbList\",\"@id\":\"https:\/\/manto-corfu.com\/de\/impressum#breadcrumb\",\"itemListElement\":[{\"@type\":\"ListItem\",\"position\":1,\"name\":\"Startseite\",\"item\":\"https:\/\/manto-corfu.com\/de\"},{\"@type\":\"ListItem\",\"position\":2,\"name\":\"Impressum\"}]},{\"@type\":\"WebSite\",\"@id\":\"https:\/\/manto-corfu.com\/de#website\",\"url\":\"https:\/\/manto-corfu.com\/de\",\"name\":\"Manto Retreat\",\"description\":\"Yoga Retreat and Groups - Time to be - Time to Relax- Time to be together- Time to be in Nature\",\"publisher\":{\"@id\":\"https:\/\/manto-corfu.com\/de#organization\"},\"potentialAction\":[{\"@type\":\"SearchAction\",\"target\":{\"@type\":\"EntryPoint\",\"urlTemplate\":\"https:\/\/manto-corfu.com\/de?s={search_term_string}\"},\"query-input\":{\"@type\":\"PropertyValueSpecification\",\"valueRequired\":true,\"valueName\":\"search_term_string\"}}],\"inLanguage\":\"de\"},{\"@type\":\"Organization\",\"@id\":\"https:\/\/manto-corfu.com\/de#organization\",\"name\":\"Manto Retreat\",\"url\":\"https:\/\/manto-corfu.com\/de\",\"logo\":{\"@type\":\"ImageObject\",\"inLanguage\":\"de\",\"@id\":\"https:\/\/manto-corfu.com\/de#\/schema\/logo\/image\/\",\"url\":\"https:\/\/manto-corfu.com\/wp-content\/uploads\/2020\/09\/cropped-cropped-Manto_logo_kl1.png\",\"contentUrl\":\"https:\/\/manto-corfu.com\/wp-content\/uploads\/2020\/09\/cropped-cropped-Manto_logo_kl1.png\",\"width\":200,\"height\":80,\"caption\":\"Manto Retreat\"},\"image\":{\"@id\":\"https:\/\/manto-corfu.com\/de#\/schema\/logo\/image\/\"}}]}<\/script>\n<!-- \/ Yoast SEO plugin. -->","yoast_head_json":{"title":"Impressum - Manto Retreat","robots":{"index":"index","follow":"follow","max-snippet":"max-snippet:-1","max-image-preview":"max-image-preview:large","max-video-preview":"max-video-preview:-1"},"canonical":"https:\/\/manto-corfu.com\/de\/impressum","og_locale":"de_DE","og_type":"article","og_title":"Impressum - Manto Retreat","og_description":"Impressum Inhaltlich verantwortlich gem\u00e4\u00df \u00a7 55 Abs. 2 RStV: Manto Retreat in Nature ab 01.05.2026 unter neuer Leitung: Mirja Br\u00e4utigam +49 17635200400 49083 PagoiCorfu &#8211; GreeceAFIMI: 190102250AMA\/Registernumber: wird beantragt info(at)manto-corfu.com Haftungshinweis: Trotz sorgf\u00e4ltiger inhaltlicher&#46;&#46;&#46;","og_url":"https:\/\/manto-corfu.com\/de\/impressum","og_site_name":"Manto Retreat","article_modified_time":"2026-05-04T12:53:50+00:00","twitter_card":"summary_large_image","twitter_misc":{"Gesch\u00e4tzte Lesezeit":"1\u00a0Minute"},"schema":{"@context":"https:\/\/schema.org","@graph":[{"@type":"WebPage","@id":"https:\/\/manto-corfu.com\/de\/impressum","url":"https:\/\/manto-corfu.com\/de\/impressum","name":"Impressum - Manto Retreat","isPartOf":{"@id":"https:\/\/manto-corfu.com\/de#website"},"datePublished":"2020-10-01T09:55:25+00:00","dateModified":"2026-05-04T12:53:50+00:00","breadcrumb":{"@id":"https:\/\/manto-corfu.com\/de\/impressum#breadcrumb"},"inLanguage":"de","potentialAction":[{"@type":"ReadAction","target":["https:\/\/manto-corfu.com\/de\/impressum"]}]},{"@type":"BreadcrumbList","@id":"https:\/\/manto-corfu.com\/de\/impressum#breadcrumb","itemListElement":[{"@type":"ListItem","position":1,"name":"Startseite","item":"https:\/\/manto-corfu.com\/de"},{"@type":"ListItem","position":2,"name":"Impressum"}]},{"@type":"WebSite","@id":"https:\/\/manto-corfu.com\/de#website","url":"https:\/\/manto-corfu.com\/de","name":"Manto Retreat","description":"Yoga Retreat and Groups - Time to be - Time to Relax- Time to be together- Time to be in Nature","publisher":{"@id":"https:\/\/manto-corfu.com\/de#organization"},"potentialAction":[{"@type":"SearchAction","target":{"@type":"EntryPoint","urlTemplate":"https:\/\/manto-corfu.com\/de?s={search_term_string}"},"query-input":{"@type":"PropertyValueSpecification","valueRequired":true,"valueName":"search_term_string"}}],"inLanguage":"de"},{"@type":"Organization","@id":"https:\/\/manto-corfu.com\/de#organization","name":"Manto Retreat","url":"https:\/\/manto-corfu.com\/de","logo":{"@type":"ImageObject","inLanguage":"de","@id":"https:\/\/manto-corfu.com\/de#\/schema\/logo\/image\/","url":"https:\/\/manto-corfu.com\/wp-content\/uploads\/2020\/09\/cropped-cropped-Manto_logo_kl1.png","contentUrl":"https:\/\/manto-corfu.com\/wp-content\/uploads\/2020\/09\/cropped-cropped-Manto_logo_kl1.png","width":200,"height":80,"caption":"Manto Retreat"},"image":{"@id":"https:\/\/manto-corfu.com\/de#\/schema\/logo\/image\/"}}]}},"_links":{"self":[{"href":"https:\/\/manto-corfu.com\/de\/wp-json\/wp\/v2\/pages\/184","targetHints":{"allow":["GET"]}}],"collection":[{"href":"https:\/\/manto-corfu.com\/de\/wp-json\/wp\/v2\/pages"}],"about":[{"href":"https:\/\/manto-corfu.com\/de\/wp-json\/wp\/v2\/types\/page"}],"author":[{"embeddable":true,"href":"https:\/\/manto-corfu.com\/de\/wp-json\/wp\/v2\/users\/2"}],"replies":[{"embeddable":true,"href":"https:\/\/manto-corfu.com\/de\/wp-json\/wp\/v2\/comments?post=184"}],"version-history":[{"count":25,"href":"https:\/\/manto-corfu.com\/de\/wp-json\/wp\/v2\/pages\/184\/revisions"}],"predecessor-version":[{"id":4776,"href":"https:\/\/manto-corfu.com\/de\/wp-json\/wp\/v2\/pages\/184\/revisions\/4776"}],"wp:attachment":[{"href":"https:\/\/manto-corfu.com\/de\/wp-json\/wp\/v2\/media?parent=184"}],"curies":[{"name":"wp","href":"https:\/\/api.w.org\/{rel}","templated":true}]}}