{"id":198,"date":"2020-10-01T10:09:26","date_gmt":"2020-10-01T10:09:26","guid":{"rendered":"https:\/\/manto-corfu.com\/\/?page_id=198"},"modified":"2023-12-06T13:13:18","modified_gmt":"2023-12-06T12:13:18","slug":"manto-retreat-in-nature","status":"publish","type":"page","link":"https:\/\/manto-corfu.com\/de","title":{"rendered":"Home"},"content":{"rendered":"\n<figure class=\"wp-block-image size-full\"><img loading=\"lazy\" decoding=\"async\" width=\"2048\" height=\"1366\" src=\"https:\/\/manto-corfu.com\/\/wp-content\/uploads\/2022\/10\/311995763_10220840462072731_6250709733807602640_n.jpg\" alt=\"\" class=\"wp-image-3230\" srcset=\"https:\/\/manto-corfu.com\/wp-content\/uploads\/2022\/10\/311995763_10220840462072731_6250709733807602640_n.jpg 2048w, https:\/\/manto-corfu.com\/wp-content\/uploads\/2022\/10\/311995763_10220840462072731_6250709733807602640_n-300x200.jpg 300w, https:\/\/manto-corfu.com\/wp-content\/uploads\/2022\/10\/311995763_10220840462072731_6250709733807602640_n-1024x683.jpg 1024w, https:\/\/manto-corfu.com\/wp-content\/uploads\/2022\/10\/311995763_10220840462072731_6250709733807602640_n-768x512.jpg 768w, https:\/\/manto-corfu.com\/wp-content\/uploads\/2022\/10\/311995763_10220840462072731_6250709733807602640_n-1536x1025.jpg 1536w\" sizes=\"auto, (max-width: 2048px) 100vw, 2048px\" \/><\/figure>\n\n\n\n<p><\/p>\n\n\n\n<p class=\"has-text-align-center has-text-color\" style=\"color:#13577e;font-size:18px\"><strong>Herzlich willkommen!<\/strong><\/p>\n\n\n\n<h2 class=\"wp-block-heading has-text-align-center has-text-color\" style=\"color:#13577e;font-size:18px\"><strong>Suchst Du nach einem besonderen Platz f\u00fcr Deinen Urlaub mit der Familie oder Freunden, f\u00fcr ein Yoga-Retreat oder eine Wandergruppe?<\/strong><\/h2>\n\n\n\n<p class=\"has-text-align-center\" style=\"font-size:16px\"><strong>Ist Dir danach, an einem zauberhaften Ort am Mittelmeer im Nordwesten der gr\u00fcnen Insel Corfu einfach mal die Seele baumeln zu lassen?<\/strong><\/p>\n\n\n\n<p class=\"has-text-align-center\" style=\"font-size:16px\"><strong>Dann empfehlen wir Dir unser Manto Retreat in Nature!<\/strong><\/p>\n\n\n\n<hr class=\"wp-block-separator has-alpha-channel-opacity is-style-default\"\/>\n\n\n\n<div class=\"wp-block-columns is-layout-flex wp-container-core-columns-is-layout-1 wp-block-columns-is-layout-flex\">\n<div class=\"wp-block-column is-layout-flow wp-block-column-is-layout-flow\" style=\"flex-basis:33.33%\">\n<p class=\"has-text-align-left\" style=\"font-size:16px\">Es ist ein stilles, kleines Paradies, das inmitten von \u00fcppiger mediterraner Vegetation am Rande eines urigen griechischen Dorfes unweit des Meeres zum Entschleunigen einl\u00e4dt.\u202f<br>&nbsp;<br>Endlose Olivenhaine, mystische Pfade des Corfutrails, idyllische D\u00f6rfer, freundliche Menschen und das kristallklare Mittelmeer mit dem weitl\u00e4ufigen Strand von Agios Georgios Pagon, lassen einen Aufenthalt zum besonderen Erlebnis werden.<\/p>\n<\/div>\n\n\n\n<div class=\"wp-block-column is-layout-flow wp-block-column-is-layout-flow\" style=\"flex-basis:66.66%\">\n<figure class=\"wp-block-image size-full\"><img loading=\"lazy\" decoding=\"async\" width=\"640\" height=\"426\" src=\"https:\/\/manto-corfu.com\/\/wp-content\/uploads\/2023\/11\/Exteriors-038.jpeg\" alt=\"\" class=\"wp-image-4070\" style=\"object-fit:cover\" srcset=\"https:\/\/manto-corfu.com\/wp-content\/uploads\/2023\/11\/Exteriors-038.jpeg 640w, https:\/\/manto-corfu.com\/wp-content\/uploads\/2023\/11\/Exteriors-038-300x200.jpeg 300w\" sizes=\"auto, (max-width: 640px) 100vw, 640px\" \/><\/figure>\n<\/div>\n<\/div>\n\n\n\n<hr class=\"wp-block-separator has-alpha-channel-opacity\"\/>\n\n\n\n<div class=\"wp-block-columns is-layout-flex wp-container-core-columns-is-layout-2 wp-block-columns-is-layout-flex\">\n<div class=\"wp-block-column is-layout-flow wp-block-column-is-layout-flow\" style=\"flex-basis:66.66%\">\n<figure class=\"wp-block-image size-full\"><img loading=\"lazy\" decoding=\"async\" width=\"1024\" height=\"682\" src=\"https:\/\/manto-corfu.com\/\/wp-content\/uploads\/2023\/11\/Badenixen_PoolManto-1.jpg\" alt=\"\" class=\"wp-image-4112\" style=\"object-fit:cover\" srcset=\"https:\/\/manto-corfu.com\/wp-content\/uploads\/2023\/11\/Badenixen_PoolManto-1.jpg 1024w, https:\/\/manto-corfu.com\/wp-content\/uploads\/2023\/11\/Badenixen_PoolManto-1-300x200.jpg 300w, https:\/\/manto-corfu.com\/wp-content\/uploads\/2023\/11\/Badenixen_PoolManto-1-768x512.jpg 768w\" sizes=\"auto, (max-width: 1024px) 100vw, 1024px\" \/><\/figure>\n<\/div>\n\n\n\n<div class=\"wp-block-column is-layout-flow wp-block-column-is-layout-flow\" style=\"flex-basis:33.33%\">\n<div style=\"height:65px\" aria-hidden=\"true\" class=\"wp-block-spacer\"><\/div>\n\n\n\n<h2 class=\"wp-block-heading has-text-color\" style=\"color:#13577e;font-size:16px\">Familien-Urlaub machen in ruhiger Privatsph\u00e4re, naturnahe Yogaferien oder einen aktiven Wanderurlaub im gr\u00fcnen Paradies Korfu veranstalten, sich im weitl\u00e4ufigen Garten erholen  und am Salzwasserpool ausspannen?&nbsp;<\/h2>\n<\/div>\n<\/div>\n\n\n\n<hr class=\"wp-block-separator has-alpha-channel-opacity\"\/>\n\n\n\n<div class=\"wp-block-columns is-layout-flex wp-container-core-columns-is-layout-3 wp-block-columns-is-layout-flex\">\n<div class=\"wp-block-column is-layout-flow wp-block-column-is-layout-flow\" style=\"flex-basis:33.33%\">\n<p style=\"font-size:16px\">Ein stilvoll-modern saniertes Landhaus mit Salzwasserpool, eine lauschige Au\u00dfenk\u00fcche mit einem gro\u00dfen Tisch, die beiden romantischen Tinyhouses im angrenzenden Olivenhain, der paradiesische Garten, ein halboffener Gruppenraum &#8211; ausgestattet mit Yoga-Equipment &#8211; mit Blick in die weite Landschaft erwarten Dich. Das Retreat bietet Platz f\u00fcr maximal 12 G\u00e4ste.&nbsp;Bei Bedarf k\u00f6nnen weitere H\u00e4user in unmittelbarer N\u00e4he hinzugebucht werden. <\/p>\n<\/div>\n\n\n\n<div class=\"wp-block-column is-layout-flow wp-block-column-is-layout-flow\" style=\"flex-basis:66.66%\">\n<figure class=\"wp-block-image size-full\"><img decoding=\"async\" src=\"https:\/\/manto-corfu.com\/\/wp-content\/uploads\/2022\/10\/manto-retreat-aufsicht-gelaende.jpg\" alt=\"Blick auf das Manto Retreat in sch\u00f6nster Natur\" class=\"wp-image-3270\" style=\"object-fit:cover\"\/><\/figure>\n<\/div>\n<\/div>\n\n\n\n<hr class=\"wp-block-separator has-alpha-channel-opacity\"\/>\n\n\n\n<h2 class=\"wp-block-heading has-text-align-center has-text-color\" style=\"color:#13577e;font-size:18px\"><strong><strong>Manto Retreat: Time to Be unter der griechischen Sonne!<\/strong><\/strong><\/h2>\n\n\n\n<p class=\"has-text-align-center\" style=\"font-size:16px\">Das Manto Retreat ist von Mai bis Oktober mietbar.<\/p>\n","protected":false},"excerpt":{"rendered":"<p>Herzlich willkommen! Suchst Du nach einem besonderen Platz f\u00fcr Deinen Urlaub mit der Familie oder Freunden, f\u00fcr ein Yoga-Retreat oder eine Wandergruppe? Ist Dir danach, an einem zauberhaften Ort am Mittelmeer im Nordwesten der&#46;&#46;&#46;<\/p>\n","protected":false},"author":2,"featured_media":0,"parent":0,"menu_order":0,"comment_status":"closed","ping_status":"closed","template":"page-templates\/child-menu.php","meta":{"footnotes":""},"class_list":["post-198","page","type-page","status-publish","hentry"],"yoast_head":"<!-- This site is optimized with the Yoast SEO plugin v26.8 - https:\/\/yoast.com\/product\/yoast-seo-wordpress\/ -->\n<title>Home - Manto Retreat<\/title>\n<meta name=\"description\" content=\"Suchst Du nach einem besonderen Platz f\u00fcr Deinen Urlaub mit der Familie oder Freunden, f\u00fcr Dein Yogaretreat oder Deine Wandergruppe? Ist Dir danach, an einem zauberhaften Platz am Mittelmeer im Nordwesten der gr\u00fcnen Insel Corfu einfach mal die Seele baumeln zu lassen?\" \/>\n<meta name=\"robots\" content=\"index, follow, max-snippet:-1, max-image-preview:large, max-video-preview:-1\" \/>\n<link rel=\"canonical\" href=\"https:\/\/manto-corfu.com\/de\" \/>\n<meta property=\"og:locale\" content=\"de_DE\" \/>\n<meta property=\"og:type\" content=\"article\" \/>\n<meta property=\"og:title\" content=\"Home - Manto Retreat\" \/>\n<meta property=\"og:description\" content=\"Suchst Du nach einem besonderen Platz f\u00fcr Deinen Urlaub mit der Familie oder Freunden, f\u00fcr Dein Yogaretreat oder Deine Wandergruppe? Ist Dir danach, an einem zauberhaften Platz am Mittelmeer im Nordwesten der gr\u00fcnen Insel Corfu einfach mal die Seele baumeln zu lassen?\" \/>\n<meta property=\"og:url\" content=\"https:\/\/manto-corfu.com\/de\" \/>\n<meta property=\"og:site_name\" content=\"Manto Retreat\" \/>\n<meta property=\"article:modified_time\" content=\"2023-12-06T12:13:18+00:00\" \/>\n<meta property=\"og:image\" content=\"https:\/\/manto-corfu.com\/\/wp-content\/uploads\/2022\/10\/311995763_10220840462072731_6250709733807602640_n.jpg\" \/>\n<meta name=\"twitter:card\" content=\"summary_large_image\" \/>\n<meta name=\"twitter:label1\" content=\"Gesch\u00e4tzte Lesezeit\" \/>\n\t<meta name=\"twitter:data1\" content=\"2\u00a0Minuten\" \/>\n<script type=\"application\/ld+json\" class=\"yoast-schema-graph\">{\"@context\":\"https:\/\/schema.org\",\"@graph\":[{\"@type\":\"WebPage\",\"@id\":\"https:\/\/manto-corfu.com\/de\",\"url\":\"https:\/\/manto-corfu.com\/de\",\"name\":\"Home - Manto Retreat\",\"isPartOf\":{\"@id\":\"https:\/\/manto-corfu.com\/de#website\"},\"primaryImageOfPage\":{\"@id\":\"https:\/\/manto-corfu.com\/de#primaryimage\"},\"image\":{\"@id\":\"https:\/\/manto-corfu.com\/de#primaryimage\"},\"thumbnailUrl\":\"https:\/\/manto-corfu.com\/\/wp-content\/uploads\/2022\/10\/311995763_10220840462072731_6250709733807602640_n.jpg\",\"datePublished\":\"2020-10-01T10:09:26+00:00\",\"dateModified\":\"2023-12-06T12:13:18+00:00\",\"description\":\"Suchst Du nach einem besonderen Platz f\u00fcr Deinen Urlaub mit der Familie oder Freunden, f\u00fcr Dein Yogaretreat oder Deine Wandergruppe? Ist Dir danach, an einem zauberhaften Platz am Mittelmeer im Nordwesten der gr\u00fcnen Insel Corfu einfach mal die Seele baumeln zu lassen?\",\"breadcrumb\":{\"@id\":\"https:\/\/manto-corfu.com\/de#breadcrumb\"},\"inLanguage\":\"de\",\"potentialAction\":[{\"@type\":\"ReadAction\",\"target\":[\"https:\/\/manto-corfu.com\/de\"]}]},{\"@type\":\"ImageObject\",\"inLanguage\":\"de\",\"@id\":\"https:\/\/manto-corfu.com\/de#primaryimage\",\"url\":\"https:\/\/manto-corfu.com\/\/wp-content\/uploads\/2022\/10\/311995763_10220840462072731_6250709733807602640_n.jpg\",\"contentUrl\":\"https:\/\/manto-corfu.com\/\/wp-content\/uploads\/2022\/10\/311995763_10220840462072731_6250709733807602640_n.jpg\"},{\"@type\":\"BreadcrumbList\",\"@id\":\"https:\/\/manto-corfu.com\/de#breadcrumb\",\"itemListElement\":[{\"@type\":\"ListItem\",\"position\":1,\"name\":\"Startseite\",\"item\":\"https:\/\/manto-corfu.com\/de\"},{\"@type\":\"ListItem\",\"position\":2,\"name\":\"Home\"}]},{\"@type\":\"WebSite\",\"@id\":\"https:\/\/manto-corfu.com\/de#website\",\"url\":\"https:\/\/manto-corfu.com\/de\",\"name\":\"Manto Retreat\",\"description\":\"Yoga Retreat and Groups - Time to be - Time to Relax- Time to be together- Time to be in Nature\",\"publisher\":{\"@id\":\"https:\/\/manto-corfu.com\/de#organization\"},\"potentialAction\":[{\"@type\":\"SearchAction\",\"target\":{\"@type\":\"EntryPoint\",\"urlTemplate\":\"https:\/\/manto-corfu.com\/de?s={search_term_string}\"},\"query-input\":{\"@type\":\"PropertyValueSpecification\",\"valueRequired\":true,\"valueName\":\"search_term_string\"}}],\"inLanguage\":\"de\"},{\"@type\":\"Organization\",\"@id\":\"https:\/\/manto-corfu.com\/de#organization\",\"name\":\"Manto Retreat\",\"url\":\"https:\/\/manto-corfu.com\/de\",\"logo\":{\"@type\":\"ImageObject\",\"inLanguage\":\"de\",\"@id\":\"https:\/\/manto-corfu.com\/de#\/schema\/logo\/image\/\",\"url\":\"https:\/\/manto-corfu.com\/wp-content\/uploads\/2020\/09\/cropped-cropped-Manto_logo_kl1.png\",\"contentUrl\":\"https:\/\/manto-corfu.com\/wp-content\/uploads\/2020\/09\/cropped-cropped-Manto_logo_kl1.png\",\"width\":200,\"height\":80,\"caption\":\"Manto Retreat\"},\"image\":{\"@id\":\"https:\/\/manto-corfu.com\/de#\/schema\/logo\/image\/\"}}]}<\/script>\n<!-- \/ Yoast SEO plugin. -->","yoast_head_json":{"title":"Home - Manto Retreat","description":"Suchst Du nach einem besonderen Platz f\u00fcr Deinen Urlaub mit der Familie oder Freunden, f\u00fcr Dein Yogaretreat oder Deine Wandergruppe? Ist Dir danach, an einem zauberhaften Platz am Mittelmeer im Nordwesten der gr\u00fcnen Insel Corfu einfach mal die Seele baumeln zu lassen?","robots":{"index":"index","follow":"follow","max-snippet":"max-snippet:-1","max-image-preview":"max-image-preview:large","max-video-preview":"max-video-preview:-1"},"canonical":"https:\/\/manto-corfu.com\/de","og_locale":"de_DE","og_type":"article","og_title":"Home - Manto Retreat","og_description":"Suchst Du nach einem besonderen Platz f\u00fcr Deinen Urlaub mit der Familie oder Freunden, f\u00fcr Dein Yogaretreat oder Deine Wandergruppe? Ist Dir danach, an einem zauberhaften Platz am Mittelmeer im Nordwesten der gr\u00fcnen Insel Corfu einfach mal die Seele baumeln zu lassen?","og_url":"https:\/\/manto-corfu.com\/de","og_site_name":"Manto Retreat","article_modified_time":"2023-12-06T12:13:18+00:00","og_image":[{"url":"https:\/\/manto-corfu.com\/\/wp-content\/uploads\/2022\/10\/311995763_10220840462072731_6250709733807602640_n.jpg","type":"","width":"","height":""}],"twitter_card":"summary_large_image","twitter_misc":{"Gesch\u00e4tzte Lesezeit":"2\u00a0Minuten"},"schema":{"@context":"https:\/\/schema.org","@graph":[{"@type":"WebPage","@id":"https:\/\/manto-corfu.com\/de","url":"https:\/\/manto-corfu.com\/de","name":"Home - Manto Retreat","isPartOf":{"@id":"https:\/\/manto-corfu.com\/de#website"},"primaryImageOfPage":{"@id":"https:\/\/manto-corfu.com\/de#primaryimage"},"image":{"@id":"https:\/\/manto-corfu.com\/de#primaryimage"},"thumbnailUrl":"https:\/\/manto-corfu.com\/\/wp-content\/uploads\/2022\/10\/311995763_10220840462072731_6250709733807602640_n.jpg","datePublished":"2020-10-01T10:09:26+00:00","dateModified":"2023-12-06T12:13:18+00:00","description":"Suchst Du nach einem besonderen Platz f\u00fcr Deinen Urlaub mit der Familie oder Freunden, f\u00fcr Dein Yogaretreat oder Deine Wandergruppe? Ist Dir danach, an einem zauberhaften Platz am Mittelmeer im Nordwesten der gr\u00fcnen Insel Corfu einfach mal die Seele baumeln zu lassen?","breadcrumb":{"@id":"https:\/\/manto-corfu.com\/de#breadcrumb"},"inLanguage":"de","potentialAction":[{"@type":"ReadAction","target":["https:\/\/manto-corfu.com\/de"]}]},{"@type":"ImageObject","inLanguage":"de","@id":"https:\/\/manto-corfu.com\/de#primaryimage","url":"https:\/\/manto-corfu.com\/\/wp-content\/uploads\/2022\/10\/311995763_10220840462072731_6250709733807602640_n.jpg","contentUrl":"https:\/\/manto-corfu.com\/\/wp-content\/uploads\/2022\/10\/311995763_10220840462072731_6250709733807602640_n.jpg"},{"@type":"BreadcrumbList","@id":"https:\/\/manto-corfu.com\/de#breadcrumb","itemListElement":[{"@type":"ListItem","position":1,"name":"Startseite","item":"https:\/\/manto-corfu.com\/de"},{"@type":"ListItem","position":2,"name":"Home"}]},{"@type":"WebSite","@id":"https:\/\/manto-corfu.com\/de#website","url":"https:\/\/manto-corfu.com\/de","name":"Manto Retreat","description":"Yoga Retreat and Groups - Time to be - Time to Relax- Time to be together- Time to be in Nature","publisher":{"@id":"https:\/\/manto-corfu.com\/de#organization"},"potentialAction":[{"@type":"SearchAction","target":{"@type":"EntryPoint","urlTemplate":"https:\/\/manto-corfu.com\/de?s={search_term_string}"},"query-input":{"@type":"PropertyValueSpecification","valueRequired":true,"valueName":"search_term_string"}}],"inLanguage":"de"},{"@type":"Organization","@id":"https:\/\/manto-corfu.com\/de#organization","name":"Manto Retreat","url":"https:\/\/manto-corfu.com\/de","logo":{"@type":"ImageObject","inLanguage":"de","@id":"https:\/\/manto-corfu.com\/de#\/schema\/logo\/image\/","url":"https:\/\/manto-corfu.com\/wp-content\/uploads\/2020\/09\/cropped-cropped-Manto_logo_kl1.png","contentUrl":"https:\/\/manto-corfu.com\/wp-content\/uploads\/2020\/09\/cropped-cropped-Manto_logo_kl1.png","width":200,"height":80,"caption":"Manto Retreat"},"image":{"@id":"https:\/\/manto-corfu.com\/de#\/schema\/logo\/image\/"}}]}},"_links":{"self":[{"href":"https:\/\/manto-corfu.com\/de\/wp-json\/wp\/v2\/pages\/198","targetHints":{"allow":["GET"]}}],"collection":[{"href":"https:\/\/manto-corfu.com\/de\/wp-json\/wp\/v2\/pages"}],"about":[{"href":"https:\/\/manto-corfu.com\/de\/wp-json\/wp\/v2\/types\/page"}],"author":[{"embeddable":true,"href":"https:\/\/manto-corfu.com\/de\/wp-json\/wp\/v2\/users\/2"}],"replies":[{"embeddable":true,"href":"https:\/\/manto-corfu.com\/de\/wp-json\/wp\/v2\/comments?post=198"}],"version-history":[{"count":176,"href":"https:\/\/manto-corfu.com\/de\/wp-json\/wp\/v2\/pages\/198\/revisions"}],"predecessor-version":[{"id":4623,"href":"https:\/\/manto-corfu.com\/de\/wp-json\/wp\/v2\/pages\/198\/revisions\/4623"}],"wp:attachment":[{"href":"https:\/\/manto-corfu.com\/de\/wp-json\/wp\/v2\/media?parent=198"}],"curies":[{"name":"wp","href":"https:\/\/api.w.org\/{rel}","templated":true}]}}