{"id":299,"date":"2020-10-02T16:41:13","date_gmt":"2020-10-02T15:41:13","guid":{"rendered":"https:\/\/manto-corfu.com\/\/?page_id=299"},"modified":"2025-12-20T13:30:26","modified_gmt":"2025-12-20T12:30:26","slug":"manto-retreat-in-nature-das-areal","status":"publish","type":"page","link":"https:\/\/manto-corfu.com\/de\/manto-retreat-in-nature-das-areal","title":{"rendered":"Manto Retreat"},"content":{"rendered":"\n<figure class=\"wp-block-image size-full\"><img loading=\"lazy\" decoding=\"async\" width=\"1400\" height=\"933\" src=\"https:\/\/manto-corfu.com\/\/wp-content\/uploads\/2022\/10\/manto-retreat-areal-buddha.jpg\" alt=\"Manto Retreat Garten mit sitzendem Buddha\" class=\"wp-image-3285\" style=\"aspect-ratio:16\/9;object-fit:cover\" srcset=\"https:\/\/manto-corfu.com\/wp-content\/uploads\/2022\/10\/manto-retreat-areal-buddha.jpg 1400w, https:\/\/manto-corfu.com\/wp-content\/uploads\/2022\/10\/manto-retreat-areal-buddha-300x200.jpg 300w, https:\/\/manto-corfu.com\/wp-content\/uploads\/2022\/10\/manto-retreat-areal-buddha-1024x682.jpg 1024w, https:\/\/manto-corfu.com\/wp-content\/uploads\/2022\/10\/manto-retreat-areal-buddha-768x512.jpg 768w\" sizes=\"auto, (max-width: 1400px) 100vw, 1400px\" \/><\/figure>\n\n\n\n<div style=\"height:10px\" aria-hidden=\"true\" class=\"wp-block-spacer\"><\/div>\n\n\n\n<h2 class=\"wp-block-heading has-text-color\" style=\"color:#13577e\"><strong>Lass dich vom Manto Retreat verzaubern!<\/strong><\/h2>\n\n\n\n<p>Das Anwesen im Nordwesten der Insel Korfu liegt malerisch mit traumhafter Fernsicht auf endlose Olivenhaine, Berge und bl\u00fchende Natur am Rande eines vertr\u00e4umten Dorfes. Das Meer erreicht man in 3 km.&nbsp;<\/p>\n\n\n\n<p>Der Salzwasserpool (7 x 4 m) im&nbsp;bl\u00fchenden 3.000 qm Garten, Privatheit und Stille, Weitblicke in die sagenhafte Natur, Kreativplatz, H\u00e4ngematten und lauschig-schattige Sitzpl\u00e4tze&nbsp;sind ein Genuss f\u00fcr die Sinne.&nbsp;<\/p>\n\n\n\n<p>F\u00fcr Gruppen gibt es einen Seminarraum (halboffen) mit Holzfu\u00dfboden (ca.70 qm) gro\u00df. Im oberen Teil des Gartens befindet sich ein weiterer Platz &#8211; unter den Olivenb\u00e4umen &#8211; f\u00fcr Rituale, Yoga oder Meditationen.<\/p>\n\n\n\n<p><\/p>\n\n\n\n<p style=\"font-size:16px\"><\/p>\n\n\n\n<figure class=\"wp-block-gallery has-nested-images columns-default is-cropped wp-block-gallery-1 is-layout-flex wp-block-gallery-is-layout-flex\">\n<figure class=\"wp-block-image size-full\"><img loading=\"lazy\" decoding=\"async\" width=\"800\" height=\"600\" data-id=\"3206\" src=\"https:\/\/manto-corfu.com\/\/wp-content\/uploads\/2022\/10\/yogawoche-auf-korfu-entspannung.webp\" alt=\"\" class=\"wp-image-3206\" srcset=\"https:\/\/manto-corfu.com\/wp-content\/uploads\/2022\/10\/yogawoche-auf-korfu-entspannung.webp 800w, https:\/\/manto-corfu.com\/wp-content\/uploads\/2022\/10\/yogawoche-auf-korfu-entspannung-300x225.webp 300w, https:\/\/manto-corfu.com\/wp-content\/uploads\/2022\/10\/yogawoche-auf-korfu-entspannung-768x576.webp 768w\" sizes=\"auto, (max-width: 800px) 100vw, 800px\" \/><\/figure>\n\n\n\n<figure class=\"wp-block-image size-full\"><img loading=\"lazy\" decoding=\"async\" width=\"582\" height=\"581\" data-id=\"3703\" src=\"https:\/\/manto-corfu.com\/\/wp-content\/uploads\/2023\/10\/Pool_daylight.jpg\" alt=\"\" class=\"wp-image-3703\" srcset=\"https:\/\/manto-corfu.com\/wp-content\/uploads\/2023\/10\/Pool_daylight.jpg 582w, https:\/\/manto-corfu.com\/wp-content\/uploads\/2023\/10\/Pool_daylight-300x300.jpg 300w, https:\/\/manto-corfu.com\/wp-content\/uploads\/2023\/10\/Pool_daylight-150x150.jpg 150w, https:\/\/manto-corfu.com\/wp-content\/uploads\/2023\/10\/Pool_daylight-80x80.jpg 80w, https:\/\/manto-corfu.com\/wp-content\/uploads\/2023\/10\/Pool_daylight-320x320.jpg 320w\" sizes=\"auto, (max-width: 582px) 100vw, 582px\" \/><\/figure>\n\n\n\n<figure class=\"wp-block-image size-large\"><img loading=\"lazy\" decoding=\"async\" width=\"1024\" height=\"683\" data-id=\"165\" src=\"https:\/\/manto-corfu.com\/\/wp-content\/uploads\/2020\/09\/bay-2425157_1920-1024x683.jpg\" alt=\"\" class=\"wp-image-165\" srcset=\"https:\/\/manto-corfu.com\/wp-content\/uploads\/2020\/09\/bay-2425157_1920-1024x683.jpg 1024w, https:\/\/manto-corfu.com\/wp-content\/uploads\/2020\/09\/bay-2425157_1920-300x200.jpg 300w, https:\/\/manto-corfu.com\/wp-content\/uploads\/2020\/09\/bay-2425157_1920-768x512.jpg 768w, https:\/\/manto-corfu.com\/wp-content\/uploads\/2020\/09\/bay-2425157_1920-1536x1024.jpg 1536w, https:\/\/manto-corfu.com\/wp-content\/uploads\/2020\/09\/bay-2425157_1920.jpg 1920w\" sizes=\"auto, (max-width: 1024px) 100vw, 1024px\" \/><\/figure>\n\n\n\n<figure class=\"wp-block-image size-large\"><img loading=\"lazy\" decoding=\"async\" width=\"682\" height=\"1024\" data-id=\"3857\" src=\"https:\/\/manto-corfu.com\/\/wp-content\/uploads\/2023\/11\/Mant@Retreat2023-0029-682x1024.jpg\" alt=\"\" class=\"wp-image-3857\" srcset=\"https:\/\/manto-corfu.com\/wp-content\/uploads\/2023\/11\/Mant@Retreat2023-0029-682x1024.jpg 682w, https:\/\/manto-corfu.com\/wp-content\/uploads\/2023\/11\/Mant@Retreat2023-0029-200x300.jpg 200w, https:\/\/manto-corfu.com\/wp-content\/uploads\/2023\/11\/Mant@Retreat2023-0029-768x1153.jpg 768w, https:\/\/manto-corfu.com\/wp-content\/uploads\/2023\/11\/Mant@Retreat2023-0029-1023x1536.jpg 1023w, https:\/\/manto-corfu.com\/wp-content\/uploads\/2023\/11\/Mant@Retreat2023-0029.jpg 1332w\" sizes=\"auto, (max-width: 682px) 100vw, 682px\" \/><\/figure>\n\n\n\n<figure class=\"wp-block-image size-full\"><img loading=\"lazy\" decoding=\"async\" width=\"640\" height=\"404\" data-id=\"2852\" src=\"https:\/\/manto-corfu.com\/\/wp-content\/uploads\/2022\/05\/manto-retreat-yoga-just-be.jpeg\" alt=\"Begr\u00fc\u00dfe den Tag\" class=\"wp-image-2852\" srcset=\"https:\/\/manto-corfu.com\/wp-content\/uploads\/2022\/05\/manto-retreat-yoga-just-be.jpeg 640w, https:\/\/manto-corfu.com\/wp-content\/uploads\/2022\/05\/manto-retreat-yoga-just-be-300x189.jpeg 300w\" sizes=\"auto, (max-width: 640px) 100vw, 640px\" \/><\/figure>\n\n\n\n<figure class=\"wp-block-image size-large\"><img loading=\"lazy\" decoding=\"async\" width=\"682\" height=\"1024\" data-id=\"4059\" src=\"https:\/\/manto-corfu.com\/\/wp-content\/uploads\/2023\/11\/Buddha_Garden_2024-682x1024.jpg\" alt=\"\" class=\"wp-image-4059\" srcset=\"https:\/\/manto-corfu.com\/wp-content\/uploads\/2023\/11\/Buddha_Garden_2024-682x1024.jpg 682w, https:\/\/manto-corfu.com\/wp-content\/uploads\/2023\/11\/Buddha_Garden_2024-200x300.jpg 200w, https:\/\/manto-corfu.com\/wp-content\/uploads\/2023\/11\/Buddha_Garden_2024-768x1153.jpg 768w, https:\/\/manto-corfu.com\/wp-content\/uploads\/2023\/11\/Buddha_Garden_2024-1023x1536.jpg 1023w, https:\/\/manto-corfu.com\/wp-content\/uploads\/2023\/11\/Buddha_Garden_2024.jpg 1280w\" sizes=\"auto, (max-width: 682px) 100vw, 682px\" \/><\/figure>\n<\/figure>\n\n\n\n<hr class=\"wp-block-separator has-alpha-channel-opacity\"\/>\n\n\n\n<p class=\"has-text-align-center\" style=\"font-size:16px\">Du m\u00f6chtest das Manto Retreat f\u00fcr Deine Familie &amp; Freunde, Deine Gruppe buchen? <br>Du hast noch Fragen an uns? <br>Dann schreibe uns gern eine E-Mail an info(at)manto-corfu.com<\/p>\n\n\n\n<p><\/p>\n","protected":false},"excerpt":{"rendered":"<p>Lass dich vom Manto Retreat verzaubern! Das Anwesen im Nordwesten der Insel Korfu liegt malerisch mit traumhafter Fernsicht auf endlose Olivenhaine, Berge und bl\u00fchende Natur am Rande eines vertr\u00e4umten Dorfes. Das Meer erreicht man&#46;&#46;&#46;<\/p>\n","protected":false},"author":2,"featured_media":0,"parent":0,"menu_order":0,"comment_status":"closed","ping_status":"closed","template":"page-templates\/child-menu.php","meta":{"footnotes":""},"class_list":["post-299","page","type-page","status-publish","hentry"],"yoast_head":"<!-- This site is optimized with the Yoast SEO plugin v26.8 - https:\/\/yoast.com\/product\/yoast-seo-wordpress\/ -->\n<title>Manto Retreat - Manto Retreat | Jetzt entdecken<\/title>\n<meta name=\"description\" content=\"Lass dich vom Manto Retreat verzaubern. Das 3000 qm Gel\u00e4nde ist malerisch gelegen und verspr\u00fcht griechisch-l\u00e4ndlichen Charme mit toskanischem Flair.\" \/>\n<meta name=\"robots\" content=\"index, follow, max-snippet:-1, max-image-preview:large, max-video-preview:-1\" \/>\n<link rel=\"canonical\" href=\"https:\/\/manto-corfu.com\/de\/manto-retreat-in-nature-das-areal\" \/>\n<meta property=\"og:locale\" content=\"de_DE\" \/>\n<meta property=\"og:type\" content=\"article\" \/>\n<meta property=\"og:title\" content=\"Manto Retreat - Manto Retreat | Jetzt entdecken\" \/>\n<meta property=\"og:description\" content=\"Lass dich vom Manto Retreat verzaubern. Das 3000 qm Gel\u00e4nde ist malerisch gelegen und verspr\u00fcht griechisch-l\u00e4ndlichen Charme mit toskanischem Flair.\" \/>\n<meta property=\"og:url\" content=\"https:\/\/manto-corfu.com\/de\/manto-retreat-in-nature-das-areal\" \/>\n<meta property=\"og:site_name\" content=\"Manto Retreat\" \/>\n<meta property=\"article:modified_time\" content=\"2025-12-20T12:30:26+00:00\" \/>\n<meta property=\"og:image\" content=\"https:\/\/manto-corfu.com\/wp-content\/uploads\/2022\/10\/manto-retreat-areal-buddha.jpg\" \/>\n\t<meta property=\"og:image:width\" content=\"1400\" \/>\n\t<meta property=\"og:image:height\" content=\"933\" \/>\n\t<meta property=\"og:image:type\" content=\"image\/jpeg\" \/>\n<meta name=\"twitter:card\" content=\"summary_large_image\" \/>\n<meta name=\"twitter:label1\" content=\"Gesch\u00e4tzte Lesezeit\" \/>\n\t<meta name=\"twitter:data1\" content=\"3\u00a0Minuten\" \/>\n<script type=\"application\/ld+json\" class=\"yoast-schema-graph\">{\"@context\":\"https:\/\/schema.org\",\"@graph\":[{\"@type\":\"WebPage\",\"@id\":\"https:\/\/manto-corfu.com\/de\/manto-retreat-in-nature-das-areal\",\"url\":\"https:\/\/manto-corfu.com\/de\/manto-retreat-in-nature-das-areal\",\"name\":\"Manto Retreat - Manto Retreat | Jetzt entdecken\",\"isPartOf\":{\"@id\":\"https:\/\/manto-corfu.com\/de#website\"},\"primaryImageOfPage\":{\"@id\":\"https:\/\/manto-corfu.com\/de\/manto-retreat-in-nature-das-areal#primaryimage\"},\"image\":{\"@id\":\"https:\/\/manto-corfu.com\/de\/manto-retreat-in-nature-das-areal#primaryimage\"},\"thumbnailUrl\":\"https:\/\/manto-corfu.com\/\/wp-content\/uploads\/2022\/10\/manto-retreat-areal-buddha.jpg\",\"datePublished\":\"2020-10-02T15:41:13+00:00\",\"dateModified\":\"2025-12-20T12:30:26+00:00\",\"description\":\"Lass dich vom Manto Retreat verzaubern. Das 3000 qm Gel\u00e4nde ist malerisch gelegen und verspr\u00fcht griechisch-l\u00e4ndlichen Charme mit toskanischem Flair.\",\"breadcrumb\":{\"@id\":\"https:\/\/manto-corfu.com\/de\/manto-retreat-in-nature-das-areal#breadcrumb\"},\"inLanguage\":\"de\",\"potentialAction\":[{\"@type\":\"ReadAction\",\"target\":[\"https:\/\/manto-corfu.com\/de\/manto-retreat-in-nature-das-areal\"]}]},{\"@type\":\"ImageObject\",\"inLanguage\":\"de\",\"@id\":\"https:\/\/manto-corfu.com\/de\/manto-retreat-in-nature-das-areal#primaryimage\",\"url\":\"https:\/\/manto-corfu.com\/\/wp-content\/uploads\/2022\/10\/manto-retreat-areal-buddha.jpg\",\"contentUrl\":\"https:\/\/manto-corfu.com\/\/wp-content\/uploads\/2022\/10\/manto-retreat-areal-buddha.jpg\"},{\"@type\":\"BreadcrumbList\",\"@id\":\"https:\/\/manto-corfu.com\/de\/manto-retreat-in-nature-das-areal#breadcrumb\",\"itemListElement\":[{\"@type\":\"ListItem\",\"position\":1,\"name\":\"Startseite\",\"item\":\"https:\/\/manto-corfu.com\/de\"},{\"@type\":\"ListItem\",\"position\":2,\"name\":\"Manto Retreat\"}]},{\"@type\":\"WebSite\",\"@id\":\"https:\/\/manto-corfu.com\/de#website\",\"url\":\"https:\/\/manto-corfu.com\/de\",\"name\":\"Manto Retreat\",\"description\":\"Yoga Retreat and Groups - Time to be - Time to Relax- Time to be together- Time to be in Nature\",\"publisher\":{\"@id\":\"https:\/\/manto-corfu.com\/de#organization\"},\"potentialAction\":[{\"@type\":\"SearchAction\",\"target\":{\"@type\":\"EntryPoint\",\"urlTemplate\":\"https:\/\/manto-corfu.com\/de?s={search_term_string}\"},\"query-input\":{\"@type\":\"PropertyValueSpecification\",\"valueRequired\":true,\"valueName\":\"search_term_string\"}}],\"inLanguage\":\"de\"},{\"@type\":\"Organization\",\"@id\":\"https:\/\/manto-corfu.com\/de#organization\",\"name\":\"Manto Retreat\",\"url\":\"https:\/\/manto-corfu.com\/de\",\"logo\":{\"@type\":\"ImageObject\",\"inLanguage\":\"de\",\"@id\":\"https:\/\/manto-corfu.com\/de#\/schema\/logo\/image\/\",\"url\":\"https:\/\/manto-corfu.com\/wp-content\/uploads\/2020\/09\/cropped-cropped-Manto_logo_kl1.png\",\"contentUrl\":\"https:\/\/manto-corfu.com\/wp-content\/uploads\/2020\/09\/cropped-cropped-Manto_logo_kl1.png\",\"width\":200,\"height\":80,\"caption\":\"Manto Retreat\"},\"image\":{\"@id\":\"https:\/\/manto-corfu.com\/de#\/schema\/logo\/image\/\"}}]}<\/script>\n<!-- \/ Yoast SEO plugin. -->","yoast_head_json":{"title":"Manto Retreat - Manto Retreat | Jetzt entdecken","description":"Lass dich vom Manto Retreat verzaubern. Das 3000 qm Gel\u00e4nde ist malerisch gelegen und verspr\u00fcht griechisch-l\u00e4ndlichen Charme mit toskanischem Flair.","robots":{"index":"index","follow":"follow","max-snippet":"max-snippet:-1","max-image-preview":"max-image-preview:large","max-video-preview":"max-video-preview:-1"},"canonical":"https:\/\/manto-corfu.com\/de\/manto-retreat-in-nature-das-areal","og_locale":"de_DE","og_type":"article","og_title":"Manto Retreat - Manto Retreat | Jetzt entdecken","og_description":"Lass dich vom Manto Retreat verzaubern. Das 3000 qm Gel\u00e4nde ist malerisch gelegen und verspr\u00fcht griechisch-l\u00e4ndlichen Charme mit toskanischem Flair.","og_url":"https:\/\/manto-corfu.com\/de\/manto-retreat-in-nature-das-areal","og_site_name":"Manto Retreat","article_modified_time":"2025-12-20T12:30:26+00:00","og_image":[{"width":1400,"height":933,"url":"https:\/\/manto-corfu.com\/wp-content\/uploads\/2022\/10\/manto-retreat-areal-buddha.jpg","type":"image\/jpeg"}],"twitter_card":"summary_large_image","twitter_misc":{"Gesch\u00e4tzte Lesezeit":"3\u00a0Minuten"},"schema":{"@context":"https:\/\/schema.org","@graph":[{"@type":"WebPage","@id":"https:\/\/manto-corfu.com\/de\/manto-retreat-in-nature-das-areal","url":"https:\/\/manto-corfu.com\/de\/manto-retreat-in-nature-das-areal","name":"Manto Retreat - Manto Retreat | Jetzt entdecken","isPartOf":{"@id":"https:\/\/manto-corfu.com\/de#website"},"primaryImageOfPage":{"@id":"https:\/\/manto-corfu.com\/de\/manto-retreat-in-nature-das-areal#primaryimage"},"image":{"@id":"https:\/\/manto-corfu.com\/de\/manto-retreat-in-nature-das-areal#primaryimage"},"thumbnailUrl":"https:\/\/manto-corfu.com\/\/wp-content\/uploads\/2022\/10\/manto-retreat-areal-buddha.jpg","datePublished":"2020-10-02T15:41:13+00:00","dateModified":"2025-12-20T12:30:26+00:00","description":"Lass dich vom Manto Retreat verzaubern. Das 3000 qm Gel\u00e4nde ist malerisch gelegen und verspr\u00fcht griechisch-l\u00e4ndlichen Charme mit toskanischem Flair.","breadcrumb":{"@id":"https:\/\/manto-corfu.com\/de\/manto-retreat-in-nature-das-areal#breadcrumb"},"inLanguage":"de","potentialAction":[{"@type":"ReadAction","target":["https:\/\/manto-corfu.com\/de\/manto-retreat-in-nature-das-areal"]}]},{"@type":"ImageObject","inLanguage":"de","@id":"https:\/\/manto-corfu.com\/de\/manto-retreat-in-nature-das-areal#primaryimage","url":"https:\/\/manto-corfu.com\/\/wp-content\/uploads\/2022\/10\/manto-retreat-areal-buddha.jpg","contentUrl":"https:\/\/manto-corfu.com\/\/wp-content\/uploads\/2022\/10\/manto-retreat-areal-buddha.jpg"},{"@type":"BreadcrumbList","@id":"https:\/\/manto-corfu.com\/de\/manto-retreat-in-nature-das-areal#breadcrumb","itemListElement":[{"@type":"ListItem","position":1,"name":"Startseite","item":"https:\/\/manto-corfu.com\/de"},{"@type":"ListItem","position":2,"name":"Manto Retreat"}]},{"@type":"WebSite","@id":"https:\/\/manto-corfu.com\/de#website","url":"https:\/\/manto-corfu.com\/de","name":"Manto Retreat","description":"Yoga Retreat and Groups - Time to be - Time to Relax- Time to be together- Time to be in Nature","publisher":{"@id":"https:\/\/manto-corfu.com\/de#organization"},"potentialAction":[{"@type":"SearchAction","target":{"@type":"EntryPoint","urlTemplate":"https:\/\/manto-corfu.com\/de?s={search_term_string}"},"query-input":{"@type":"PropertyValueSpecification","valueRequired":true,"valueName":"search_term_string"}}],"inLanguage":"de"},{"@type":"Organization","@id":"https:\/\/manto-corfu.com\/de#organization","name":"Manto Retreat","url":"https:\/\/manto-corfu.com\/de","logo":{"@type":"ImageObject","inLanguage":"de","@id":"https:\/\/manto-corfu.com\/de#\/schema\/logo\/image\/","url":"https:\/\/manto-corfu.com\/wp-content\/uploads\/2020\/09\/cropped-cropped-Manto_logo_kl1.png","contentUrl":"https:\/\/manto-corfu.com\/wp-content\/uploads\/2020\/09\/cropped-cropped-Manto_logo_kl1.png","width":200,"height":80,"caption":"Manto Retreat"},"image":{"@id":"https:\/\/manto-corfu.com\/de#\/schema\/logo\/image\/"}}]}},"_links":{"self":[{"href":"https:\/\/manto-corfu.com\/de\/wp-json\/wp\/v2\/pages\/299","targetHints":{"allow":["GET"]}}],"collection":[{"href":"https:\/\/manto-corfu.com\/de\/wp-json\/wp\/v2\/pages"}],"about":[{"href":"https:\/\/manto-corfu.com\/de\/wp-json\/wp\/v2\/types\/page"}],"author":[{"embeddable":true,"href":"https:\/\/manto-corfu.com\/de\/wp-json\/wp\/v2\/users\/2"}],"replies":[{"embeddable":true,"href":"https:\/\/manto-corfu.com\/de\/wp-json\/wp\/v2\/comments?post=299"}],"version-history":[{"count":82,"href":"https:\/\/manto-corfu.com\/de\/wp-json\/wp\/v2\/pages\/299\/revisions"}],"predecessor-version":[{"id":4752,"href":"https:\/\/manto-corfu.com\/de\/wp-json\/wp\/v2\/pages\/299\/revisions\/4752"}],"wp:attachment":[{"href":"https:\/\/manto-corfu.com\/de\/wp-json\/wp\/v2\/media?parent=299"}],"curies":[{"name":"wp","href":"https:\/\/api.w.org\/{rel}","templated":true}]}}