{"id":4003,"date":"2023-11-07T13:17:35","date_gmt":"2023-11-07T12:17:35","guid":{"rendered":"https:\/\/manto-corfu.com\/\/?page_id=4003"},"modified":"2023-12-29T07:53:16","modified_gmt":"2023-12-29T06:53:16","slug":"facts","status":"publish","type":"page","link":"https:\/\/manto-corfu.com\/de\/facts","title":{"rendered":"FACTS"},"content":{"rendered":"\n<p class=\"has-text-color\" style=\"color:#13577e;font-size:16px\"><strong>Viele Fragen &#8211; viele Antworten<\/strong><\/p>\n\n\n\n<hr class=\"wp-block-separator has-alpha-channel-opacity\"\/>\n\n\n\n<details class=\"wp-block-details is-layout-flow wp-block-details-is-layout-flow\" style=\"font-size:16px\"><summary>Wo liegt das Manto Retreat?<\/summary>\n<p><\/p>\n\n\n\n<p style=\"font-size:16px\">Das Manto Retreat liegt am Rande des urspr\u00fcnglichen Dorfes Pagi im Nordwesten von Korfu. Es liegt ruhig und privat mit Blick in die wundersch\u00f6ne Natur.<br><\/p>\n\n\n\n<div style=\"height:10px\" aria-hidden=\"true\" class=\"wp-block-spacer\"><\/div>\n<\/details>\n\n\n\n<div style=\"height:10px\" aria-hidden=\"true\" class=\"wp-block-spacer\"><\/div>\n\n\n\n<hr class=\"wp-block-separator has-alpha-channel-opacity\"\/>\n\n\n\n<details class=\"wp-block-details is-layout-flow wp-block-details-is-layout-flow\" style=\"font-size:16px\"><summary>Wieviele Zimmer gibt es? Wieviele Personen k\u00f6nnen dort wohnen?<\/summary>\n<p><\/p>\n\n\n\n<p style=\"font-size:16px\">Es gibt 4 Zimmer im Landhaus (3 DZ, 1 EZ) und 2 Tiny Houses (als DZ).<br>So k\u00f6nnen 11 Personen im Manto Retreat wohnen.<br>Zus\u00e4tzliche Zimmer oder auch eine Lehrerwohnung k\u00f6nnen auf Anfrage zus\u00e4tzlich angemietet werden.<\/p>\n\n\n\n<div style=\"height:10px\" aria-hidden=\"true\" class=\"wp-block-spacer\"><\/div>\n\n\n\n<div style=\"height:10px\" aria-hidden=\"true\" class=\"wp-block-spacer\"><\/div>\n<\/details>\n\n\n\n<div style=\"height:10px\" aria-hidden=\"true\" class=\"wp-block-spacer\"><\/div>\n\n\n\n<hr class=\"wp-block-separator has-alpha-channel-opacity\"\/>\n\n\n\n<details class=\"wp-block-details is-layout-flow wp-block-details-is-layout-flow\" style=\"font-size:16px\"><summary>Was gibt es sonst noch im Manto Retreat?<\/summary>\n<p style=\"font-size:16px\"><\/p>\n\n\n\n<p style=\"font-size:16px\">Es gibt eine Innen- und Au\u00dfenk\u00fcche, ein BBQ, 3.000 qm gro\u00dfer Garten mit: Salzwasserpool 7 x 4 m, Au\u00dfendusche, Liegest\u00fchle und gem\u00fctliche Sitzpl\u00e4tze, R\u00e4ucherplatz, teilweise \u00fcberdachte Yoga-Shala mit Equipment, kirgisische Yurte, WLAN.<\/p>\n<\/details>\n\n\n\n<div style=\"height:10px\" aria-hidden=\"true\" class=\"wp-block-spacer\"><\/div>\n\n\n\n<hr class=\"wp-block-separator has-alpha-channel-opacity\"\/>\n\n\n\n<details class=\"wp-block-details is-layout-flow wp-block-details-is-layout-flow\" style=\"font-size:16px\"><summary>Wie komme ich ins Manto Retreat?<\/summary>\n<p><\/p>\n\n\n\n<p style=\"font-size:16px\">Vom Flughafen Korfu (Ioannis Kapodistrias) sind es etwa 35 km.<br>Du kannst entweder mit dem Linienbus fahren (samstags 2 x t\u00e4glich), ein Mietauto nehmen oder mit einem privaten Shuttle anreisen, den wir gern vermitteln. Die Fahrtzeit \u00fcber die Insel betr\u00e4gt etwa eine Stunde.<\/p>\n\n\n\n<p><\/p>\n\n\n\n<p><\/p>\n\n\n\n<div style=\"height:10px\" aria-hidden=\"true\" class=\"wp-block-spacer\"><\/div>\n<\/details>\n\n\n\n<div style=\"height:10px\" aria-hidden=\"true\" class=\"wp-block-spacer\"><\/div>\n\n\n\n<hr class=\"wp-block-separator has-alpha-channel-opacity\"\/>\n\n\n\n<details class=\"wp-block-details is-layout-flow wp-block-details-is-layout-flow\" style=\"font-size:16px\"><summary>Gibt es Bettw\u00e4sche, Handt\u00fccher \/ Reinigung?<\/summary>\n<p style=\"font-size:16px\"><\/p>\n\n\n\n<p style=\"font-size:16px\">Bettw\u00e4sche ist vorhanden, Handt\u00fccher f\u00fcr das Bad werden einmal pro Woche gewechselt. Bitte f\u00fcrs Yoga, Strand und\/oder Pool ein zus\u00e4tzliches Handtuch mitbringen.<br>Einmal pro Woche Reinigung der Zimmer\/Badezimmer, Endreinigung inklusive.<\/p>\n\n\n\n<p><\/p>\n\n\n\n<div style=\"height:10px\" aria-hidden=\"true\" class=\"wp-block-spacer\"><\/div>\n<\/details>\n\n\n\n<hr class=\"wp-block-separator has-alpha-channel-opacity\"\/>\n\n\n\n<details class=\"wp-block-details is-layout-flow wp-block-details-is-layout-flow\" style=\"font-size:16px\"><summary>Wie weit ist es zum Strand \/ Wie komme ich hin?<\/summary>\n<p><\/p>\n\n\n\n<p>Das Meer und der weitl\u00e4ufige Sandstrand, eingerahmt von Bergen, ist 3 km entfernt.<\/p>\n\n\n\n<p>Es gibt einen Wanderweg durch Olivenhaine oder einen zubuchbaren Shuttle-Service\/Taxi. <br>Der lokale Bus f\u00e4hrt mehrmals am Tag zum Strand. <\/p>\n\n\n\n<p><\/p>\n\n\n\n<div style=\"height:10px\" aria-hidden=\"true\" class=\"wp-block-spacer\"><\/div>\n<\/details>\n\n\n\n<div style=\"height:10px\" aria-hidden=\"true\" class=\"wp-block-spacer\"><\/div>\n\n\n\n<hr class=\"wp-block-separator has-alpha-channel-opacity\"\/>\n\n\n\n<details class=\"wp-block-details is-layout-flow wp-block-details-is-layout-flow\" style=\"font-size:16px\"><summary>Wo kann ich essen \/ einkaufen?<\/summary>\n<p style=\"font-size:16px\"><\/p>\n\n\n\n<p style=\"font-size:16px\">In Pagi gibt es zwei authentisch-griechische Tavernen, am Strand zahlreiche Tavernen und mehrere Superm\u00e4rkte und auch einen Geldautomat.<\/p>\n\n\n\n<div style=\"height:10px\" aria-hidden=\"true\" class=\"wp-block-spacer\"><\/div>\n\n\n\n<p>Entweder du kochst selbst, f\u00fcr das Abendessen kann ein Catering-Service gemietet werden. <br>F\u00fcr Fr\u00fchst\u00fcck und Abendessen kannst du einen Koch mieten &#8211; oder du bringst deinen eigenen Koch mit.<\/p>\n<\/details>\n\n\n\n<div style=\"height:10px\" aria-hidden=\"true\" class=\"wp-block-spacer\"><\/div>\n\n\n\n<hr class=\"wp-block-separator has-alpha-channel-opacity\"\/>\n\n\n\n<details class=\"wp-block-details is-layout-flow wp-block-details-is-layout-flow\" style=\"font-size:16px\"><summary>Welches Yoga-Equipment gibt es?<\/summary>\n<p><\/p>\n\n\n\n<p style=\"font-size:16px\">Es gibt Matten, Kissen, Decken und eine Musikanlage (leise bitte!) in der teilweise \u00fcberdachten Yoga-Shala.<\/p>\n\n\n\n<p><\/p>\n\n\n\n<div style=\"height:10px\" aria-hidden=\"true\" class=\"wp-block-spacer\"><\/div>\n<\/details>\n\n\n\n<hr class=\"wp-block-separator has-alpha-channel-opacity\"\/>\n\n\n\n<p><\/p>\n","protected":false},"excerpt":{"rendered":"<p>Viele Fragen &#8211; viele Antworten<\/p>\n","protected":false},"author":2,"featured_media":103,"parent":0,"menu_order":0,"comment_status":"closed","ping_status":"closed","template":"page-templates\/child-menu.php","meta":{"footnotes":""},"class_list":["post-4003","page","type-page","status-publish","has-post-thumbnail","hentry"],"yoast_head":"<!-- This site is optimized with the Yoast SEO plugin v26.8 - https:\/\/yoast.com\/product\/yoast-seo-wordpress\/ -->\n<title>FACTS - Manto Retreat<\/title>\n<meta name=\"robots\" content=\"index, follow, max-snippet:-1, max-image-preview:large, max-video-preview:-1\" \/>\n<link rel=\"canonical\" href=\"https:\/\/manto-corfu.com\/de\/facts\" \/>\n<meta property=\"og:locale\" content=\"de_DE\" \/>\n<meta property=\"og:type\" content=\"article\" \/>\n<meta property=\"og:title\" content=\"FACTS - Manto Retreat\" \/>\n<meta property=\"og:description\" content=\"Viele Fragen &#8211; viele Antworten\" \/>\n<meta property=\"og:url\" content=\"https:\/\/manto-corfu.com\/de\/facts\" \/>\n<meta property=\"og:site_name\" content=\"Manto Retreat\" \/>\n<meta property=\"article:modified_time\" content=\"2023-12-29T06:53:16+00:00\" \/>\n<meta property=\"og:image\" content=\"https:\/\/manto-corfu.com\/wp-content\/uploads\/2020\/09\/path.jpg\" \/>\n\t<meta property=\"og:image:width\" content=\"2016\" \/>\n\t<meta property=\"og:image:height\" content=\"1512\" \/>\n\t<meta property=\"og:image:type\" content=\"image\/jpeg\" \/>\n<meta name=\"twitter:card\" content=\"summary_large_image\" \/>\n<meta name=\"twitter:label1\" content=\"Gesch\u00e4tzte Lesezeit\" \/>\n\t<meta name=\"twitter:data1\" content=\"2\u00a0Minuten\" \/>\n<script type=\"application\/ld+json\" class=\"yoast-schema-graph\">{\"@context\":\"https:\/\/schema.org\",\"@graph\":[{\"@type\":\"WebPage\",\"@id\":\"https:\/\/manto-corfu.com\/de\/facts\",\"url\":\"https:\/\/manto-corfu.com\/de\/facts\",\"name\":\"FACTS - Manto Retreat\",\"isPartOf\":{\"@id\":\"https:\/\/manto-corfu.com\/de#website\"},\"primaryImageOfPage\":{\"@id\":\"https:\/\/manto-corfu.com\/de\/facts#primaryimage\"},\"image\":{\"@id\":\"https:\/\/manto-corfu.com\/de\/facts#primaryimage\"},\"thumbnailUrl\":\"https:\/\/manto-corfu.com\/wp-content\/uploads\/2020\/09\/path.jpg\",\"datePublished\":\"2023-11-07T12:17:35+00:00\",\"dateModified\":\"2023-12-29T06:53:16+00:00\",\"breadcrumb\":{\"@id\":\"https:\/\/manto-corfu.com\/de\/facts#breadcrumb\"},\"inLanguage\":\"de\",\"potentialAction\":[{\"@type\":\"ReadAction\",\"target\":[\"https:\/\/manto-corfu.com\/de\/facts\"]}]},{\"@type\":\"ImageObject\",\"inLanguage\":\"de\",\"@id\":\"https:\/\/manto-corfu.com\/de\/facts#primaryimage\",\"url\":\"https:\/\/manto-corfu.com\/wp-content\/uploads\/2020\/09\/path.jpg\",\"contentUrl\":\"https:\/\/manto-corfu.com\/wp-content\/uploads\/2020\/09\/path.jpg\",\"width\":2016,\"height\":1512},{\"@type\":\"BreadcrumbList\",\"@id\":\"https:\/\/manto-corfu.com\/de\/facts#breadcrumb\",\"itemListElement\":[{\"@type\":\"ListItem\",\"position\":1,\"name\":\"Startseite\",\"item\":\"https:\/\/manto-corfu.com\/de\"},{\"@type\":\"ListItem\",\"position\":2,\"name\":\"FACTS\"}]},{\"@type\":\"WebSite\",\"@id\":\"https:\/\/manto-corfu.com\/de#website\",\"url\":\"https:\/\/manto-corfu.com\/de\",\"name\":\"Manto Retreat\",\"description\":\"Yoga Retreat and Groups - Time to be - Time to Relax- Time to be together- Time to be in Nature\",\"publisher\":{\"@id\":\"https:\/\/manto-corfu.com\/de#organization\"},\"potentialAction\":[{\"@type\":\"SearchAction\",\"target\":{\"@type\":\"EntryPoint\",\"urlTemplate\":\"https:\/\/manto-corfu.com\/de?s={search_term_string}\"},\"query-input\":{\"@type\":\"PropertyValueSpecification\",\"valueRequired\":true,\"valueName\":\"search_term_string\"}}],\"inLanguage\":\"de\"},{\"@type\":\"Organization\",\"@id\":\"https:\/\/manto-corfu.com\/de#organization\",\"name\":\"Manto Retreat\",\"url\":\"https:\/\/manto-corfu.com\/de\",\"logo\":{\"@type\":\"ImageObject\",\"inLanguage\":\"de\",\"@id\":\"https:\/\/manto-corfu.com\/de#\/schema\/logo\/image\/\",\"url\":\"https:\/\/manto-corfu.com\/wp-content\/uploads\/2020\/09\/cropped-cropped-Manto_logo_kl1.png\",\"contentUrl\":\"https:\/\/manto-corfu.com\/wp-content\/uploads\/2020\/09\/cropped-cropped-Manto_logo_kl1.png\",\"width\":200,\"height\":80,\"caption\":\"Manto Retreat\"},\"image\":{\"@id\":\"https:\/\/manto-corfu.com\/de#\/schema\/logo\/image\/\"}}]}<\/script>\n<!-- \/ Yoast SEO plugin. -->","yoast_head_json":{"title":"FACTS - Manto Retreat","robots":{"index":"index","follow":"follow","max-snippet":"max-snippet:-1","max-image-preview":"max-image-preview:large","max-video-preview":"max-video-preview:-1"},"canonical":"https:\/\/manto-corfu.com\/de\/facts","og_locale":"de_DE","og_type":"article","og_title":"FACTS - Manto Retreat","og_description":"Viele Fragen &#8211; viele Antworten","og_url":"https:\/\/manto-corfu.com\/de\/facts","og_site_name":"Manto Retreat","article_modified_time":"2023-12-29T06:53:16+00:00","og_image":[{"width":2016,"height":1512,"url":"https:\/\/manto-corfu.com\/wp-content\/uploads\/2020\/09\/path.jpg","type":"image\/jpeg"}],"twitter_card":"summary_large_image","twitter_misc":{"Gesch\u00e4tzte Lesezeit":"2\u00a0Minuten"},"schema":{"@context":"https:\/\/schema.org","@graph":[{"@type":"WebPage","@id":"https:\/\/manto-corfu.com\/de\/facts","url":"https:\/\/manto-corfu.com\/de\/facts","name":"FACTS - Manto Retreat","isPartOf":{"@id":"https:\/\/manto-corfu.com\/de#website"},"primaryImageOfPage":{"@id":"https:\/\/manto-corfu.com\/de\/facts#primaryimage"},"image":{"@id":"https:\/\/manto-corfu.com\/de\/facts#primaryimage"},"thumbnailUrl":"https:\/\/manto-corfu.com\/wp-content\/uploads\/2020\/09\/path.jpg","datePublished":"2023-11-07T12:17:35+00:00","dateModified":"2023-12-29T06:53:16+00:00","breadcrumb":{"@id":"https:\/\/manto-corfu.com\/de\/facts#breadcrumb"},"inLanguage":"de","potentialAction":[{"@type":"ReadAction","target":["https:\/\/manto-corfu.com\/de\/facts"]}]},{"@type":"ImageObject","inLanguage":"de","@id":"https:\/\/manto-corfu.com\/de\/facts#primaryimage","url":"https:\/\/manto-corfu.com\/wp-content\/uploads\/2020\/09\/path.jpg","contentUrl":"https:\/\/manto-corfu.com\/wp-content\/uploads\/2020\/09\/path.jpg","width":2016,"height":1512},{"@type":"BreadcrumbList","@id":"https:\/\/manto-corfu.com\/de\/facts#breadcrumb","itemListElement":[{"@type":"ListItem","position":1,"name":"Startseite","item":"https:\/\/manto-corfu.com\/de"},{"@type":"ListItem","position":2,"name":"FACTS"}]},{"@type":"WebSite","@id":"https:\/\/manto-corfu.com\/de#website","url":"https:\/\/manto-corfu.com\/de","name":"Manto Retreat","description":"Yoga Retreat and Groups - Time to be - Time to Relax- Time to be together- Time to be in Nature","publisher":{"@id":"https:\/\/manto-corfu.com\/de#organization"},"potentialAction":[{"@type":"SearchAction","target":{"@type":"EntryPoint","urlTemplate":"https:\/\/manto-corfu.com\/de?s={search_term_string}"},"query-input":{"@type":"PropertyValueSpecification","valueRequired":true,"valueName":"search_term_string"}}],"inLanguage":"de"},{"@type":"Organization","@id":"https:\/\/manto-corfu.com\/de#organization","name":"Manto Retreat","url":"https:\/\/manto-corfu.com\/de","logo":{"@type":"ImageObject","inLanguage":"de","@id":"https:\/\/manto-corfu.com\/de#\/schema\/logo\/image\/","url":"https:\/\/manto-corfu.com\/wp-content\/uploads\/2020\/09\/cropped-cropped-Manto_logo_kl1.png","contentUrl":"https:\/\/manto-corfu.com\/wp-content\/uploads\/2020\/09\/cropped-cropped-Manto_logo_kl1.png","width":200,"height":80,"caption":"Manto Retreat"},"image":{"@id":"https:\/\/manto-corfu.com\/de#\/schema\/logo\/image\/"}}]}},"_links":{"self":[{"href":"https:\/\/manto-corfu.com\/de\/wp-json\/wp\/v2\/pages\/4003","targetHints":{"allow":["GET"]}}],"collection":[{"href":"https:\/\/manto-corfu.com\/de\/wp-json\/wp\/v2\/pages"}],"about":[{"href":"https:\/\/manto-corfu.com\/de\/wp-json\/wp\/v2\/types\/page"}],"author":[{"embeddable":true,"href":"https:\/\/manto-corfu.com\/de\/wp-json\/wp\/v2\/users\/2"}],"replies":[{"embeddable":true,"href":"https:\/\/manto-corfu.com\/de\/wp-json\/wp\/v2\/comments?post=4003"}],"version-history":[{"count":20,"href":"https:\/\/manto-corfu.com\/de\/wp-json\/wp\/v2\/pages\/4003\/revisions"}],"predecessor-version":[{"id":4717,"href":"https:\/\/manto-corfu.com\/de\/wp-json\/wp\/v2\/pages\/4003\/revisions\/4717"}],"wp:featuredmedia":[{"embeddable":true,"href":"https:\/\/manto-corfu.com\/de\/wp-json\/wp\/v2\/media\/103"}],"wp:attachment":[{"href":"https:\/\/manto-corfu.com\/de\/wp-json\/wp\/v2\/media?parent=4003"}],"curies":[{"name":"wp","href":"https:\/\/api.w.org\/{rel}","templated":true}]}}